{"id":2,"date":"2025-03-04T21:52:23","date_gmt":"2025-03-04T20:52:23","guid":{"rendered":"http:\/\/efofmzc.cluster100.hosting.ovh.net\/?page_id=2"},"modified":"2025-03-19T16:09:37","modified_gmt":"2025-03-19T15:09:37","slug":"page-d-exemple","status":"publish","type":"page","link":"https:\/\/innovalta.fr\/index.php\/page-d-exemple\/","title":{"rendered":"Bureaux"},"content":{"rendered":"<div class=\"fusion-fullwidth fullwidth-box fusion-builder-row-1 fusion-flex-container has-pattern-background has-mask-background nonhundred-percent-fullwidth non-hundred-percent-height-scrolling\" style=\"--awb-border-radius-top-left:0px;--awb-border-radius-top-right:0px;--awb-border-radius-bottom-right:0px;--awb-border-radius-bottom-left:0px;--awb-flex-wrap:wrap;\" ><div class=\"fusion-builder-row fusion-row fusion-flex-align-items-flex-start fusion-flex-content-wrap\" style=\"max-width:1424.8px;margin-left: calc(-4% \/ 2 );margin-right: calc(-4% \/ 2 );\"><div class=\"fusion-layout-column fusion_builder_column fusion-builder-column-0 fusion_builder_column_1_1 1_1 fusion-flex-column\" style=\"--awb-bg-size:cover;--awb-width-large:100%;--awb-margin-top-large:0px;--awb-spacing-right-large:1.92%;--awb-margin-bottom-large:20px;--awb-spacing-left-large:1.92%;--awb-width-medium:100%;--awb-order-medium:0;--awb-spacing-right-medium:1.92%;--awb-spacing-left-medium:1.92%;--awb-width-small:100%;--awb-order-small:0;--awb-spacing-right-small:1.92%;--awb-spacing-left-small:1.92%;\"><div class=\"fusion-column-wrapper fusion-column-has-shadow fusion-flex-justify-content-flex-start fusion-content-layout-column\"><div class=\"fusion-title title fusion-title-1 fusion-sep-none fusion-title-text fusion-title-size-two\"><h2 class=\"fusion-title-heading title-heading-left fusion-responsive-typography-calculated\" style=\"margin:0;--fontSize:50;line-height:var(--awb-custom_typography_1-line-height);\"><h1>Des bureaux flexibles, durables et pens\u00e9s pour l\u2019avenir<\/h1><\/h2><\/div><\/div><\/div><div class=\"fusion-layout-column fusion_builder_column fusion-builder-column-1 fusion_builder_column_1_2 1_2 fusion-flex-column\" style=\"--awb-bg-size:cover;--awb-width-large:50%;--awb-margin-top-large:0px;--awb-spacing-right-large:3.84%;--awb-margin-bottom-large:20px;--awb-spacing-left-large:3.84%;--awb-width-medium:50%;--awb-order-medium:0;--awb-spacing-right-medium:3.84%;--awb-spacing-left-medium:3.84%;--awb-width-small:100%;--awb-order-small:0;--awb-spacing-right-small:1.92%;--awb-spacing-left-small:1.92%;\"><div class=\"fusion-column-wrapper fusion-column-has-shadow fusion-flex-justify-content-flex-start fusion-content-layout-column\"><div class=\"fusion-slider-sc\"><div class=\"fusion-flexslider-loading flexslider flexslider-hover-type-liftup\" data-slideshow_autoplay=\"1\" data-slideshow_smooth_height=\"0\" data-slideshow_speed=\"7000\" style=\"max-width:1000px;height:100%;\"><ul class=\"slides\"><li class=\"image\"><span class=\"lazyload fusion-image-hover-element hover-type-liftup\"><img alt=\"\" alt=\"\" decoding=\"async\" src=\"https:\/\/innovalta.fr\/wp-content\/uploads\/2025\/03\/workcafe2-1200x657.jpg\" data-orig-src=\"https:\/\/innovalta.fr\/wp-content\/uploads\/2025\/03\/workcafe2-1200x657.jpg\" width=\"1200\" height=\"657\" class=\"lazyload wp-image-8352\" srcset=\"data:image\/svg+xml,%3Csvg%20xmlns%3D%27http%3A%2F%2Fwww.w3.org%2F2000%2Fsvg%27%20width%3D%271200%27%20height%3D%27657%27%20viewBox%3D%270%200%201200%20657%27%3E%3Crect%20width%3D%271200%27%20height%3D%27657%27%20fill-opacity%3D%220%22%2F%3E%3C%2Fsvg%3E\" data-srcset=\"https:\/\/innovalta.fr\/wp-content\/uploads\/2025\/03\/workcafe2-200x110.jpg 200w, https:\/\/innovalta.fr\/wp-content\/uploads\/2025\/03\/workcafe2-400x219.jpg 400w, https:\/\/innovalta.fr\/wp-content\/uploads\/2025\/03\/workcafe2-600x329.jpg 600w, https:\/\/innovalta.fr\/wp-content\/uploads\/2025\/03\/workcafe2-800x438.jpg 800w, https:\/\/innovalta.fr\/wp-content\/uploads\/2025\/03\/workcafe2-1200x657.jpg 1200w\" data-sizes=\"auto\" data-orig-sizes=\"(max-width: 640px) 100vw, 800px\" \/><\/span><\/li><li class=\"image\"><span class=\"lazyload fusion-image-hover-element hover-type-liftup\"><img alt=\"\" alt=\"\" decoding=\"async\" src=\"https:\/\/innovalta.fr\/wp-content\/uploads\/2025\/03\/Innovalta-openspace-1200x874.jpg\" data-orig-src=\"https:\/\/innovalta.fr\/wp-content\/uploads\/2025\/03\/Innovalta-openspace-1200x874.jpg\" width=\"1200\" height=\"874\" class=\"lazyload wp-image-8348\" srcset=\"data:image\/svg+xml,%3Csvg%20xmlns%3D%27http%3A%2F%2Fwww.w3.org%2F2000%2Fsvg%27%20width%3D%271200%27%20height%3D%27874%27%20viewBox%3D%270%200%201200%20874%27%3E%3Crect%20width%3D%271200%27%20height%3D%27874%27%20fill-opacity%3D%220%22%2F%3E%3C%2Fsvg%3E\" data-srcset=\"https:\/\/innovalta.fr\/wp-content\/uploads\/2025\/03\/Innovalta-openspace-200x146.jpg 200w, https:\/\/innovalta.fr\/wp-content\/uploads\/2025\/03\/Innovalta-openspace-400x291.jpg 400w, https:\/\/innovalta.fr\/wp-content\/uploads\/2025\/03\/Innovalta-openspace-600x437.jpg 600w, https:\/\/innovalta.fr\/wp-content\/uploads\/2025\/03\/Innovalta-openspace-800x583.jpg 800w, https:\/\/innovalta.fr\/wp-content\/uploads\/2025\/03\/Innovalta-openspace-1200x874.jpg 1200w\" data-sizes=\"auto\" data-orig-sizes=\"(max-width: 640px) 100vw, 800px\" \/><\/span><\/li><li class=\"image\"><span class=\"lazyload fusion-image-hover-element hover-type-liftup\"><img alt=\"\" alt=\"\" decoding=\"async\" src=\"https:\/\/innovalta.fr\/wp-content\/uploads\/2025\/03\/Restaurant-1200x783.jpg\" data-orig-src=\"https:\/\/innovalta.fr\/wp-content\/uploads\/2025\/03\/Restaurant-1200x783.jpg\" width=\"1200\" height=\"783\" class=\"lazyload wp-image-8350\" srcset=\"data:image\/svg+xml,%3Csvg%20xmlns%3D%27http%3A%2F%2Fwww.w3.org%2F2000%2Fsvg%27%20width%3D%271200%27%20height%3D%27783%27%20viewBox%3D%270%200%201200%20783%27%3E%3Crect%20width%3D%271200%27%20height%3D%27783%27%20fill-opacity%3D%220%22%2F%3E%3C%2Fsvg%3E\" data-srcset=\"https:\/\/innovalta.fr\/wp-content\/uploads\/2025\/03\/Restaurant-200x130.jpg 200w, https:\/\/innovalta.fr\/wp-content\/uploads\/2025\/03\/Restaurant-400x261.jpg 400w, https:\/\/innovalta.fr\/wp-content\/uploads\/2025\/03\/Restaurant-600x391.jpg 600w, https:\/\/innovalta.fr\/wp-content\/uploads\/2025\/03\/Restaurant-800x522.jpg 800w, https:\/\/innovalta.fr\/wp-content\/uploads\/2025\/03\/Restaurant-1200x783.jpg 1200w\" data-sizes=\"auto\" data-orig-sizes=\"(max-width: 640px) 100vw, 800px\" \/><\/span><\/li><\/ul><\/div><\/div><\/div><\/div><div class=\"fusion-layout-column fusion_builder_column fusion-builder-column-2 fusion_builder_column_1_2 1_2 fusion-flex-column\" style=\"--awb-bg-size:cover;--awb-width-large:50%;--awb-margin-top-large:0px;--awb-spacing-right-large:3.84%;--awb-margin-bottom-large:20px;--awb-spacing-left-large:3.84%;--awb-width-medium:50%;--awb-order-medium:0;--awb-spacing-right-medium:3.84%;--awb-spacing-left-medium:3.84%;--awb-width-small:100%;--awb-order-small:0;--awb-spacing-right-small:1.92%;--awb-spacing-left-small:1.92%;\"><div class=\"fusion-column-wrapper fusion-column-has-shadow fusion-flex-justify-content-flex-start fusion-content-layout-column\"><div class=\"fusion-text fusion-text-1\"><p style=\"text-align: justify; \">Chez INNOVALTA, nous concevons et <b>d\u00e9veloppons des bureaux alliant flexibilit\u00e9<\/b>, <b>performance et conscience environnementale<\/b>. Nos espaces de travail sont pens\u00e9s pour s\u2019adapter aux nouveaux usages professionnels, en offrant des am\u00e9nagements modulables et \u00e9volutifs qui r\u00e9pondent aux besoins des entreprises d\u2019aujourd\u2019hui et de demain.<\/p>\n<p style=\"text-align: justify; \">Chaque projet int\u00e8gre une <b>approche durable<\/b>, favorisant des mat\u00e9riaux \u00e9coresponsables, une gestion optimis\u00e9e de l\u2019\u00e9nergie et une <b>empreinte environnementale r\u00e9duite<\/b>. Gr\u00e2ce \u00e0 notre expertise en promotion immobili\u00e8re, nous identifions et valorisons les meilleures opportunit\u00e9s pour cr\u00e9er des bureaux modernes, fonctionnels et agr\u00e9ables \u00e0 vivre.<\/p>\n<\/div><\/div><\/div><\/div><\/div>\n","protected":false},"excerpt":{"rendered":"","protected":false},"author":1,"featured_media":0,"parent":0,"menu_order":0,"comment_status":"closed","ping_status":"open","template":"","meta":{"_seopress_robots_primary_cat":"","_seopress_titles_title":"","_seopress_titles_desc":"","_seopress_robots_index":"","footnotes":""},"class_list":["post-2","page","type-page","status-publish","hentry"],"_links":{"self":[{"href":"https:\/\/innovalta.fr\/index.php\/wp-json\/wp\/v2\/pages\/2","targetHints":{"allow":["GET"]}}],"collection":[{"href":"https:\/\/innovalta.fr\/index.php\/wp-json\/wp\/v2\/pages"}],"about":[{"href":"https:\/\/innovalta.fr\/index.php\/wp-json\/wp\/v2\/types\/page"}],"author":[{"embeddable":true,"href":"https:\/\/innovalta.fr\/index.php\/wp-json\/wp\/v2\/users\/1"}],"replies":[{"embeddable":true,"href":"https:\/\/innovalta.fr\/index.php\/wp-json\/wp\/v2\/comments?post=2"}],"version-history":[{"count":7,"href":"https:\/\/innovalta.fr\/index.php\/wp-json\/wp\/v2\/pages\/2\/revisions"}],"predecessor-version":[{"id":8404,"href":"https:\/\/innovalta.fr\/index.php\/wp-json\/wp\/v2\/pages\/2\/revisions\/8404"}],"wp:attachment":[{"href":"https:\/\/innovalta.fr\/index.php\/wp-json\/wp\/v2\/media?parent=2"}],"curies":[{"name":"wp","href":"https:\/\/api.w.org\/{rel}","templated":true}]}}