{"id":58,"date":"2020-06-10T17:26:32","date_gmt":"2020-06-10T17:26:32","guid":{"rendered":"https:\/\/avadawebsites.wpengine.com\/avada-builder\/?page_id=58"},"modified":"2025-03-17T22:00:27","modified_gmt":"2025-03-17T21:00:27","slug":"investir","status":"publish","type":"page","link":"https:\/\/innovalta.fr\/index.php\/investir\/","title":{"rendered":"Investir"},"content":{"rendered":"<div class=\"fusion-fullwidth fullwidth-box fusion-builder-row-1 fusion-flex-container has-pattern-background has-mask-background nonhundred-percent-fullwidth non-hundred-percent-height-scrolling\" style=\"--awb-border-radius-top-left:0px;--awb-border-radius-top-right:0px;--awb-border-radius-bottom-right:0px;--awb-border-radius-bottom-left:0px;--awb-flex-wrap:wrap;\" ><div class=\"fusion-builder-row fusion-row fusion-flex-align-items-flex-start fusion-flex-content-wrap\" style=\"max-width:1424.8px;margin-left: calc(-4% \/ 2 );margin-right: calc(-4% \/ 2 );\"><div class=\"fusion-layout-column fusion_builder_column fusion-builder-column-0 fusion_builder_column_2_3 2_3 fusion-flex-column\" style=\"--awb-bg-size:cover;--awb-width-large:66.666666666667%;--awb-margin-top-large:0px;--awb-spacing-right-large:2.88%;--awb-margin-bottom-large:20px;--awb-spacing-left-large:2.88%;--awb-width-medium:66.666666666667%;--awb-order-medium:0;--awb-spacing-right-medium:2.88%;--awb-spacing-left-medium:2.88%;--awb-width-small:100%;--awb-order-small:0;--awb-spacing-right-small:1.92%;--awb-spacing-left-small:1.92%;\"><div class=\"fusion-column-wrapper fusion-column-has-shadow fusion-flex-justify-content-flex-start fusion-content-layout-column\"><div class=\"fusion-text fusion-text-1\"><p style=\"text-align: justify;\">Chez INNOVALTA, nous proposons \u00e0 nos clients des solutions d\u2019investissement immobilier adapt\u00e9es \u00e0 leurs objectifs patrimoniaux, en int\u00e9grant des strat\u00e9gies sur-mesure pour optimiser la rentabilit\u00e9 et la valorisation de leurs actifs.<\/p>\n<\/div><div class=\"fusion-content-boxes content-boxes columns row fusion-columns-1 fusion-columns-total-2 fusion-content-boxes-1 content-boxes-icon-with-title content-left\" style=\"--awb-hover-accent-color:var(--awb-color4);--awb-circle-hover-accent-color:var(--awb-color4);--awb-item-margin-bottom:40px;\" data-animationOffset=\"top-into-view\"><div style=\"--awb-backgroundcolor:rgba(255,255,255,0);\" class=\"fusion-column content-box-column content-box-column content-box-column-1 col-lg-12 col-md-12 col-sm-12 fusion-content-box-hover content-box-column-last-in-row\"><div class=\"col content-box-wrapper content-wrapper link-area-link-icon content-icon-wrapper-yes icon-hover-animation-fade\" data-animationOffset=\"top-into-view\"><div class=\"heading icon-left\"><h2 class=\"content-box-heading fusion-responsive-typography-calculated\" style=\"--h2_typography-font-size:24px;--fontSize:24;line-height:var(--awb-custom_typography_1-line-height);\">Une approche globale et strat\u00e9gique de l\u2019investissement<\/h2><\/div><div class=\"fusion-clearfix\"><\/div><div class=\"content-container\">\n<p style=\"text-align: justify;\">Notre expertise nous permet d\u2019identifier des opportunit\u00e9s sur diff\u00e9rents segments :<\/p>\n<ol>\n<li style=\"text-align: justify;\" data-start=\"484\" data-end=\"645\"><strong data-start=\"486\" data-end=\"512\">Investissement locatif<\/strong> : Acquisition de biens r\u00e9sidentiels, commerciaux ou de bureaux offrant des rendements attractifs et une valorisation \u00e0 long terme.<\/li>\n<li data-start=\"646\" data-end=\"1231\">\n<div style=\"text-align: justify;\"><strong style=\"color: var(--awb-body-color); text-align: var(--awb-content-text-align); background-color: var(--awb-bg-color); font-family: var(--body_typography-font-family); font-size: var(--body_typography-font-size); font-style: var(--body_typography-font-style,normal); letter-spacing: var(--body_typography-letter-spacing);\" data-start=\"648\" data-end=\"677\">D\u00e9membrement de propri\u00e9t\u00e9<\/strong><span style=\"color: var(--awb-body-color); text-align: var(--awb-content-text-align); background-color: var(--awb-bg-color); font-family: var(--body_typography-font-family); font-size: var(--body_typography-font-size); font-style: var(--body_typography-font-style,normal); font-weight: var(--body_typography-font-weight); letter-spacing: var(--body_typography-letter-spacing);\"> : Une solution patrimoniale intelligente permettant d\u2019optimiser la fiscalit\u00e9 et la transmission. Le d\u00e9membrement permet de s\u00e9parer la nue-propri\u00e9t\u00e9 de l\u2019usufruit pour optimiser fiscalement l\u2019investissement. Deux formes principales existent :<\/span><\/div>\n<ul data-start=\"924\" data-end=\"1231\">\n<li style=\"text-align: justify;\" data-start=\"924\" data-end=\"1070\"><strong data-start=\"926\" data-end=\"968\">L\u2019Usufruit Locatif Interm\u00e9diaire (ULI)<\/strong> : un usufruit destin\u00e9 aux bailleurs sociaux, offrant des avantages fiscaux et une exon\u00e9ration de taxe fonci\u00e8re pour le nue-propri\u00e9taire.<\/li>\n<li style=\"text-align: justify;\" data-start=\"1073\" data-end=\"1231\"><strong data-start=\"1075\" data-end=\"1100\">Le d\u00e9membrement libre<\/strong> : une solution plus souple permettant aux investisseurs priv\u00e9s de diversifier leur patrimoine tout en optimisant leur fiscalit\u00e9.<\/li>\n<\/ul>\n<\/li>\n<li style=\"text-align: justify;\" data-start=\"1232\" data-end=\"1385\"><strong data-start=\"1234\" data-end=\"1273\">Acquisition de bureaux et commerces<\/strong> : Investissement dans des actifs tertiaires avec une approche sur la rentabilit\u00e9 et la valorisation fonci\u00e8re.<\/li>\n<li style=\"text-align: justify;\" data-start=\"1386\" data-end=\"1525\"><strong data-start=\"1388\" data-end=\"1442\">Op\u00e9rations de promotion et revalorisation d\u2019actifs<\/strong> : Transformation et optimisation fonci\u00e8re pour maximiser le potentiel d\u2019un bien.<\/li>\n<\/ol>\n<p style=\"text-align: justify;\">\n<\/div><\/div><\/div><div style=\"--awb-backgroundcolor:rgba(255,255,255,0);\" class=\"fusion-column content-box-column content-box-column content-box-column-2 col-lg-12 col-md-12 col-sm-12 fusion-content-box-hover content-box-column-last content-box-column-last-in-row\"><div class=\"col content-box-wrapper content-wrapper link-area-link-icon content-icon-wrapper-yes icon-hover-animation-fade\" data-animationOffset=\"top-into-view\"><div class=\"heading icon-left\"><h2 class=\"content-box-heading fusion-responsive-typography-calculated\" style=\"--h2_typography-font-size:24px;--fontSize:24;line-height:var(--awb-custom_typography_1-line-height);\">Un accompagnement sur-mesure<\/h2><\/div><div class=\"fusion-clearfix\"><\/div><div class=\"content-container\">\n<p style=\"text-align: justify; \">Nous \u00e9tudions chaque projet en tenant compte des aspects juridiques, fiscaux et financiers afin de proposer des solutions s\u00e9curis\u00e9es et adapt\u00e9es aux ambitions de nos clients. Notre approche repose sur une vision d\u2019ensemble du march\u00e9 et une analyse fine des opportunit\u00e9s disponibles.<\/p>\n<p style=\"text-align: justify; \">Avec INNOVALTA, investissez en toute confiance et b\u00e2tissez un patrimoine immobilier solide et p\u00e9renne.<\/p>\n<\/div><\/div><\/div><div class=\"fusion-clearfix\"><\/div><\/div><\/div><\/div><div class=\"fusion-layout-column fusion_builder_column fusion-builder-column-1 fusion_builder_column_1_3 1_3 fusion-flex-column\" style=\"--awb-bg-size:cover;--awb-width-large:33.333333333333%;--awb-margin-top-large:0px;--awb-spacing-right-large:5.76%;--awb-margin-bottom-large:20px;--awb-spacing-left-large:5.76%;--awb-width-medium:33.333333333333%;--awb-order-medium:0;--awb-spacing-right-medium:5.76%;--awb-spacing-left-medium:5.76%;--awb-width-small:100%;--awb-order-small:0;--awb-spacing-right-small:1.92%;--awb-spacing-left-small:1.92%;\"><div class=\"fusion-column-wrapper fusion-column-has-shadow fusion-flex-justify-content-flex-start fusion-content-layout-column\"><div class=\"fusion-image-element \" style=\"--awb-caption-title-font-family:var(--h2_typography-font-family);--awb-caption-title-font-weight:var(--h2_typography-font-weight);--awb-caption-title-font-style:var(--h2_typography-font-style);--awb-caption-title-size:var(--h2_typography-font-size);--awb-caption-title-transform:var(--h2_typography-text-transform);--awb-caption-title-line-height:var(--h2_typography-line-height);--awb-caption-title-letter-spacing:var(--h2_typography-letter-spacing);\"><span class=\" fusion-imageframe imageframe-none imageframe-1 hover-type-none\"><img alt=\"\" alt=\"\" decoding=\"async\" width=\"1200\" height=\"1594\" title=\"Palier ascenseur\" src=\"https:\/\/innovalta.fr\/wp-content\/uploads\/2025\/03\/Palier-ascenseur-scaled.jpg\" data-orig-src=\"https:\/\/innovalta.fr\/wp-content\/uploads\/2025\/03\/Palier-ascenseur-1200x1594.jpg\" alt class=\"lazyload img-responsive wp-image-8349\" srcset=\"data:image\/svg+xml,%3Csvg%20xmlns%3D%27http%3A%2F%2Fwww.w3.org%2F2000%2Fsvg%27%20width%3D%271928%27%20height%3D%272560%27%20viewBox%3D%270%200%201928%202560%27%3E%3Crect%20width%3D%271928%27%20height%3D%272560%27%20fill-opacity%3D%220%22%2F%3E%3C%2Fsvg%3E\" data-srcset=\"https:\/\/innovalta.fr\/wp-content\/uploads\/2025\/03\/Palier-ascenseur-200x266.jpg 200w, https:\/\/innovalta.fr\/wp-content\/uploads\/2025\/03\/Palier-ascenseur-400x531.jpg 400w, https:\/\/innovalta.fr\/wp-content\/uploads\/2025\/03\/Palier-ascenseur-600x797.jpg 600w, https:\/\/innovalta.fr\/wp-content\/uploads\/2025\/03\/Palier-ascenseur-800x1062.jpg 800w, https:\/\/innovalta.fr\/wp-content\/uploads\/2025\/03\/Palier-ascenseur-1200x1594.jpg 1200w\" data-sizes=\"auto\" data-orig-sizes=\"(max-width: 640px) 100vw, 600px\" \/><\/span><\/div><\/div><\/div><\/div><\/div>\n","protected":false},"excerpt":{"rendered":"","protected":false},"author":1,"featured_media":0,"parent":0,"menu_order":0,"comment_status":"closed","ping_status":"closed","template":"","meta":{"_seopress_robots_primary_cat":"","_seopress_titles_title":"","_seopress_titles_desc":"","_seopress_robots_index":"","footnotes":""},"class_list":["post-58","page","type-page","status-publish","hentry"],"_links":{"self":[{"href":"https:\/\/innovalta.fr\/index.php\/wp-json\/wp\/v2\/pages\/58","targetHints":{"allow":["GET"]}}],"collection":[{"href":"https:\/\/innovalta.fr\/index.php\/wp-json\/wp\/v2\/pages"}],"about":[{"href":"https:\/\/innovalta.fr\/index.php\/wp-json\/wp\/v2\/types\/page"}],"author":[{"embeddable":true,"href":"https:\/\/innovalta.fr\/index.php\/wp-json\/wp\/v2\/users\/1"}],"replies":[{"embeddable":true,"href":"https:\/\/innovalta.fr\/index.php\/wp-json\/wp\/v2\/comments?post=58"}],"version-history":[{"count":6,"href":"https:\/\/innovalta.fr\/index.php\/wp-json\/wp\/v2\/pages\/58\/revisions"}],"predecessor-version":[{"id":8361,"href":"https:\/\/innovalta.fr\/index.php\/wp-json\/wp\/v2\/pages\/58\/revisions\/8361"}],"wp:attachment":[{"href":"https:\/\/innovalta.fr\/index.php\/wp-json\/wp\/v2\/media?parent=58"}],"curies":[{"name":"wp","href":"https:\/\/api.w.org\/{rel}","templated":true}]}}