{"id":8418,"date":"2025-03-26T15:28:16","date_gmt":"2025-03-26T14:28:16","guid":{"rendered":"https:\/\/innovalta.fr\/?page_id=8418"},"modified":"2025-03-26T15:38:34","modified_gmt":"2025-03-26T14:38:34","slug":"mentions-legales","status":"publish","type":"page","link":"https:\/\/innovalta.fr\/index.php\/mentions-legales\/","title":{"rendered":"Mentions l\u00e9gales et CGU"},"content":{"rendered":"<div class=\"fusion-fullwidth fullwidth-box fusion-builder-row-1 fusion-flex-container has-pattern-background has-mask-background nonhundred-percent-fullwidth non-hundred-percent-height-scrolling\" style=\"--awb-border-radius-top-left:0px;--awb-border-radius-top-right:0px;--awb-border-radius-bottom-right:0px;--awb-border-radius-bottom-left:0px;--awb-flex-wrap:wrap;\" ><div class=\"fusion-builder-row fusion-row fusion-flex-align-items-flex-start fusion-flex-content-wrap\" style=\"max-width:1424.8px;margin-left: calc(-4% \/ 2 );margin-right: calc(-4% \/ 2 );\"><div class=\"fusion-layout-column fusion_builder_column fusion-builder-column-0 fusion_builder_column_1_1 1_1 fusion-flex-column\" style=\"--awb-bg-size:cover;--awb-width-large:100%;--awb-margin-top-large:0px;--awb-spacing-right-large:1.92%;--awb-margin-bottom-large:20px;--awb-spacing-left-large:1.92%;--awb-width-medium:100%;--awb-order-medium:0;--awb-spacing-right-medium:1.92%;--awb-spacing-left-medium:1.92%;--awb-width-small:100%;--awb-order-small:0;--awb-spacing-right-small:1.92%;--awb-spacing-left-small:1.92%;\"><div class=\"fusion-column-wrapper fusion-column-has-shadow fusion-flex-justify-content-flex-start fusion-content-layout-column\"><div class=\"fusion-text fusion-text-1\"><p style=\"text-align: justify; \"><b><u>Mentions L\u00e9gales<\/u><\/b><\/p>\n<p style=\"text-align: justify; \"><u>1. \u00c9diteur du site<\/u><\/p>\n<p style=\"text-align: justify; \">Le site innovalta.fr est \u00e9dit\u00e9 par :<\/p>\n<ul>\n<li style=\"text-align: justify; \">Raison sociale : INNOVALTA<\/li>\n<li style=\"text-align: justify; \">Forme juridique : SAS<\/li>\n<li style=\"text-align: justify; \">Si\u00e8ge social : 12 rue Royale, 74000 Annecy<\/li>\n<li style=\"text-align: justify; \">Capital social : 1 000 \u20ac<\/li>\n<li style=\"text-align: justify; \">Num\u00e9ro SIRET : 941 986 556 RCS Annecy<\/li>\n<li style=\"text-align: justify; \">Directeur de la publication : Lo\u00efc Gallopin<\/li>\n<li style=\"text-align: justify; \">Contact : lgallopin@innovalta.fr \/ 06 33 05 02 11<\/li>\n<\/ul>\n<p style=\"text-align: justify; \"><u>2. H\u00e9bergeur du site<\/u><\/p>\n<p style=\"text-align: justify; \">Le site est h\u00e9berg\u00e9 par :<\/p>\n<ul>\n<li style=\"text-align: justify; \">Nom de l\u2019h\u00e9bergeur : OVH<\/li>\n<li style=\"text-align: justify; \">Adresse : 2 rue Kellermann, 59100 Roubaix, France<\/li>\n<li style=\"text-align: justify; \">T\u00e9l\u00e9phone : 1007<\/li>\n<li style=\"text-align: justify; \">Site web : www.ovh.com<\/li>\n<\/ul>\n<p style=\"text-align: justify; \"><u>3. Propri\u00e9t\u00e9 intellectuelle<\/u><\/p>\n<p style=\"text-align: justify; \">L\u2019ensemble des contenus pr\u00e9sents sur le site innovalta.fr, y compris les textes, images, logos et tout autre \u00e9l\u00e9ment graphique ou sonore, sont la propri\u00e9t\u00e9 exclusive d\u2019INNOVALTA ou de tiers ayant autoris\u00e9 INNOVALTA \u00e0 les utiliser. Toute reproduction, repr\u00e9sentation, modification, publication ou adaptation de tout ou partie des \u00e9l\u00e9ments du site, quel que soit le moyen ou le proc\u00e9d\u00e9 utilis\u00e9, est interdite sans autorisation pr\u00e9alable.<\/p>\n<p style=\"text-align: justify; \"><u>4. Responsabilit\u00e9<\/u><\/p>\n<p style=\"text-align: justify; \">INNOVALTA met tout en \u0153uvre pour assurer l\u2019exactitude et la mise \u00e0 jour des informations diffus\u00e9es sur son site. Cependant, des erreurs ou omissions peuvent survenir. L\u2019utilisateur du site reconna\u00eet utiliser ces informations sous sa responsabilit\u00e9 exclusive. INNOVALTA ne pourra \u00eatre tenue responsable de tout dommage direct ou indirect r\u00e9sultant de l\u2019acc\u00e8s au site ou de son utilisation.<\/p>\n<p style=\"text-align: justify; \">Le site peut contenir des liens hypertextes vers d\u2019autres sites. INNOVALTA n\u2019exerce aucun contr\u00f4le sur ces sites et ne peut \u00eatre tenue responsable de leur contenu.<\/p>\n<p style=\"text-align: justify; \"><u>5. Donn\u00e9es personnelles et cookies<\/u><\/p>\n<p style=\"text-align: justify; \">Le site innovalta.fr ne collecte aucune donn\u00e9e personnelle et n\u2019utilise pas de cookies pour le suivi des utilisateurs.<\/p>\n<p style=\"text-align: justify; \">Si un formulaire de contact est mis en place, les donn\u00e9es collect\u00e9es sont uniquement utilis\u00e9es pour r\u00e9pondre aux demandes des utilisateurs et ne sont en aucun cas transmises \u00e0 des tiers. Conform\u00e9ment \u00e0 la loi Informatique et Libert\u00e9s et au R\u00e8glement G\u00e9n\u00e9ral sur la Protection des Donn\u00e9es (RGPD), vous disposez d\u2019un droit d\u2019acc\u00e8s, de rectification et de suppression de vos donn\u00e9es en contactant : lgallopin@innovalta.fr.<\/p>\n<p style=\"text-align: justify; \"><u>6. Conditions G\u00e9n\u00e9rales d&rsquo;Utilisation (CGU)<\/u><\/p>\n<p style=\"text-align: justify; \"><u><i>6.1 Objet du site<\/i><\/u><\/p>\n<p style=\"text-align: justify; \">Le site innovalta.fr a pour vocation de pr\u00e9senter les activit\u00e9s et services de la soci\u00e9t\u00e9 INNOVALTA. Il s\u2019agit d\u2019un site vitrine sans vente en ligne.<\/p>\n<p style=\"text-align: justify; \"><i><u>6.2 Acc\u00e8s au site<\/u><\/i><\/p>\n<p style=\"text-align: justify; \">Le site est accessible gratuitement \u00e0 tout utilisateur disposant d\u2019un acc\u00e8s \u00e0 Internet. INNOVALTA ne saurait \u00eatre tenue responsable en cas d\u2019interruption de service due \u00e0 des op\u00e9rations de maintenance, \u00e0 des mises \u00e0 jour ou \u00e0 tout autre motif technique.<\/p>\n<p style=\"text-align: justify; \"><i><u>6.3 Responsabilit\u00e9s des utilisateurs<\/u><\/i><\/p>\n<p style=\"text-align: justify; \">L\u2019utilisateur s\u2019engage \u00e0 utiliser le site de mani\u00e8re responsable et \u00e0 ne pas perturber son bon fonctionnement. Toute tentative de fraude, d\u2019intrusion ou d\u2019utilisation abusive pourra entra\u00eener des mesures l\u00e9gales.<\/p>\n<p style=\"text-align: justify; \"><i><u>6.4 Limitation de responsabilit\u00e9<\/u><\/i><\/p>\n<p style=\"text-align: justify; \">INNOVALTA ne garantit pas l\u2019exactitude des informations publi\u00e9es sur le site et d\u00e9cline toute responsabilit\u00e9 en cas d\u2019erreurs, d\u2019omissions ou de cons\u00e9quences r\u00e9sultant de l\u2019utilisation des informations diffus\u00e9es.<\/p>\n<p style=\"text-align: justify; \"><i><u>7. Droit applicable<\/u><\/i><\/p>\n<p style=\"text-align: justify; \">Les pr\u00e9sentes mentions l\u00e9gales et CGU sont r\u00e9gies par le droit fran\u00e7ais. En cas de litige, et \u00e0 d\u00e9faut de r\u00e9solution amiable, les tribunaux fran\u00e7ais seront seuls comp\u00e9tents.<\/p>\n<p style=\"text-align: justify;\">Ces mentions l\u00e9gales et CGU sont susceptibles d\u2019\u00eatre modifi\u00e9es \u00e0 tout moment. Nous vous invitons \u00e0 les consulter r\u00e9guli\u00e8rement.<\/p>\n<\/div><\/div><\/div><\/div><\/div>\n","protected":false},"excerpt":{"rendered":"","protected":false},"author":1,"featured_media":0,"parent":0,"menu_order":0,"comment_status":"closed","ping_status":"closed","template":"","meta":{"_seopress_robots_primary_cat":"","_seopress_titles_title":"","_seopress_titles_desc":"","_seopress_robots_index":"","footnotes":""},"class_list":["post-8418","page","type-page","status-publish","hentry"],"_links":{"self":[{"href":"https:\/\/innovalta.fr\/index.php\/wp-json\/wp\/v2\/pages\/8418","targetHints":{"allow":["GET"]}}],"collection":[{"href":"https:\/\/innovalta.fr\/index.php\/wp-json\/wp\/v2\/pages"}],"about":[{"href":"https:\/\/innovalta.fr\/index.php\/wp-json\/wp\/v2\/types\/page"}],"author":[{"embeddable":true,"href":"https:\/\/innovalta.fr\/index.php\/wp-json\/wp\/v2\/users\/1"}],"replies":[{"embeddable":true,"href":"https:\/\/innovalta.fr\/index.php\/wp-json\/wp\/v2\/comments?post=8418"}],"version-history":[{"count":4,"href":"https:\/\/innovalta.fr\/index.php\/wp-json\/wp\/v2\/pages\/8418\/revisions"}],"predecessor-version":[{"id":8423,"href":"https:\/\/innovalta.fr\/index.php\/wp-json\/wp\/v2\/pages\/8418\/revisions\/8423"}],"wp:attachment":[{"href":"https:\/\/innovalta.fr\/index.php\/wp-json\/wp\/v2\/media?parent=8418"}],"curies":[{"name":"wp","href":"https:\/\/api.w.org\/{rel}","templated":true}]}}